{"id":56,"date":"2012-05-17T23:52:04","date_gmt":"2012-05-17T16:52:04","guid":{"rendered":"http:\/\/thinhphatbentre.com\/?page_id=56"},"modified":"2024-03-20T18:15:26","modified_gmt":"2024-03-20T11:15:26","slug":"introduction-2","status":"publish","type":"page","link":"http:\/\/thinhphatbentre.com\/?page_id=56","title":{"rendered":"Gi\u1edbi Thi\u1ec7u"},"content":{"rendered":"<p><!--:vn--><span style=\"font-family: arial, helvetica, sans-serif; font-size: 14px;\">C\u00f4ng ty TNHH TM DV Th\u1ecbnh Ph\u00e1t \u0111\u01b0\u1ee3c th\u00e0nh l\u1eadp v\u00e0o ng\u00e0y 23 th\u00e1ng 03 n\u0103m 2004,\u00a0 l\u00e0 m\u1ed9t c\u00f4ng ty chuy\u00ean v\u1eadn t\u1ea3i h\u00e0nh kh\u00e1ch v\u00e0 v\u1eadn chuy\u1ec3n h\u00e0ng h\u00f3a tuy\u1ebfn \u0111\u01b0\u1eddng <strong>Th\u00e0nh Ph\u1ed1 H\u1ed3 Ch\u00ed Minh \u2013 B\u1ebfn Tre<\/strong> v\u00e0 <strong>Th\u00e0nh Ph\u1ed1 H\u1ed3 Ch\u00ed Minh &#8211; Ti\u1ec1n Giang<\/strong>.<br \/>\n<\/span><\/p>\n<p><span style=\"font-family: arial, helvetica, sans-serif; font-size: 14px;\">Kh\u1edfi \u0111\u1ea7u t\u1eeb m\u1ed9t doanh nghi\u1ec7p nh\u1ecf v\u1edbi s\u1ed1 l\u01b0\u1ee3ng xe \u00edt, C\u00f4ng ty TNHH TM DV Th\u1ecbnh Ph\u00e1t \u0111\u00e3 t\u1eebng b\u01b0\u1edbc ph\u00e1t tri\u1ec3n, t\u0103ng c\u01b0\u1eddng s\u1ed1 l\u01b0\u1ee3ng xe c\u0169ng nh\u01b0 t\u1ed5 ch\u1ee9c nhi\u1ec1u gi\u1edd ch\u1ea1y h\u01a1n \u0111\u1ec3 c\u00f3 th\u1ec3 \u0111\u00e1p \u1ee9ng nhu c\u1ea7u c\u1ee7a kh\u00e1ch h\u00e0ng, nh\u1eb1m cung c\u1ea5p cho kh\u00e1ch h\u00e0ng ph\u01b0\u01a1ng ti\u1ec7n v\u1eadn chuy\u1ec3n nhanh nh\u1ea5t.<\/span><\/p>\n<p><span style=\"font-family: arial, helvetica, sans-serif; font-size: 14px;\">V\u1edbi \u0111\u1ed9i ng\u0169 xe <strong>Hyundai County<\/strong> v\u00e0 <strong>SAMCO<\/strong> \u0111\u1eddi m\u1edbi, C\u00f4ng ty TNHH TM DV Th\u1ecbnh Ph\u00e1t lu\u00f4n \u0111\u1ea3m b\u1ea3o ch\u1ea5t l\u01b0\u1ee3ng xe t\u1ed1t nh\u1ea5t \u0111\u1ec3 t\u1ea1o s\u1ef1 tho\u1ea3i m\u00e1i cho kh\u00e1ch h\u00e0ng. \u00a0<\/span><\/p>\n<p><strong><em><span style=\"font-family: arial,helvetica,sans-serif; font-size: 14px;\">Hi\u1ec7n t\u1ea1i, C\u00f4ng Ty \u0111\u00e3 trang b\u1ecb 100% thi\u1ebft b\u1ecb gi\u00e1m s\u00e1t h\u00e0nh tr\u00ecnh tr\u00ean c\u00e1c xe \u0111\u1ec3 c\u00f3 th\u1ec3 theo d\u00f5i l\u1ed9 tr\u00ecnh v\u00e0 t\u1ed1c \u0111\u1ed9 l\u00e1i xe nh\u1eb1m \u0111\u1ea3m b\u1ea3o s\u1ef1 an to\u00e0n cho kh\u00e1ch h\u00e0ng tr\u00ean su\u1ed1t h\u00e0nh tr\u00ecnh.<\/span><\/em><\/strong><\/p>\n<p><span style=\"font-family: arial, helvetica, sans-serif; font-size: 14px;\">B\u00ean c\u1ea1nh v\u1eadn chuy\u1ec3n h\u00e0nh kh\u00e1ch, C\u00f4ng ty TNHH TM DV Th\u1ecbnh Ph\u00e1t c\u00f2n cung c\u1ea5p d\u1ecbch v\u1ee5 v\u1eadn chuy\u1ec3n h\u00e0ng h\u00f3a theo ti\u00eau ch\u00ed v\u1eadn chuy\u1ec3n h\u00e0ng h\u00f3a nhanh nh\u1ea5t, an to\u00e0n nh\u1ea5t v\u1edbi gi\u00e1 c\u1ea3 h\u1ee3p l\u00fd cho kh\u00e1ch h\u00e0ng.<\/span><\/p>\n<p><span style=\"font-family: arial, helvetica, sans-serif; font-size: 14px;\">V\u1edbi tinh th\u1ea7n h\u1ebft l\u00f2ng ph\u1ee5c v\u1ee5 v\u00e0 l\u00e0m h\u00e0i l\u00f2ng kh\u00e1ch h\u00e0ng, ch\u00fang t\u00f4i mong mu\u1ed1n C\u00f4ng Ty TNHH TM DV Th\u1ecbnh Ph\u00e1t lu\u00f4n l\u00e0 ng\u01b0\u1eddi b\u1ea1n \u0111\u01b0\u1eddng \u0111\u00e1ng tin c\u1eady c\u1ee7a qu\u00fd kh\u00e1ch.<\/span><\/p>\n<p>&#8212;<\/p>\n<p><!--:--><!--:en-->Trading Service Co., Ltd. Thinh Phat was established on 23 May 03, 2004, is a company specializing in the transportation of passengers and freight route Ho Chi Minh City &#8211; Ben Tre.<\/p>\n<p>Starting from a small business with less number of vehicles, LTD DV Thinh Phat Company has gradually developed, increasing the number of vehicles as well as \u00a0to be able to meet the needs of customers, to provide customers with the fastest means of transport.<\/p>\n<p>Thinh Phat always wants to be the best friend of every customer.<!--:--><\/p>\n","protected":false},"excerpt":{"rendered":"<p>C\u00f4ng ty TNHH TM DV Th\u1ecbnh Ph\u00e1t \u0111\u01b0\u1ee3c th\u00e0nh l\u1eadp v\u00e0o ng\u00e0y 23 th\u00e1ng 03 n\u0103m 2004,\u00a0 l\u00e0 m\u1ed9t c\u00f4ng ty chuy\u00ean v\u1eadn t\u1ea3i h\u00e0nh [&hellip;] <span class=\"read-more-link\"><a class=\"read-more\" href=\"http:\/\/thinhphatbentre.com\/?page_id=56\">Xem th\u00eam<\/a><\/span><\/p>\n","protected":false},"author":1,"featured_media":0,"parent":0,"menu_order":0,"comment_status":"closed","ping_status":"closed","template":"","meta":{"footnotes":""},"_links":{"self":[{"href":"http:\/\/thinhphatbentre.com\/index.php?rest_route=\/wp\/v2\/pages\/56"}],"collection":[{"href":"http:\/\/thinhphatbentre.com\/index.php?rest_route=\/wp\/v2\/pages"}],"about":[{"href":"http:\/\/thinhphatbentre.com\/index.php?rest_route=\/wp\/v2\/types\/page"}],"author":[{"embeddable":true,"href":"http:\/\/thinhphatbentre.com\/index.php?rest_route=\/wp\/v2\/users\/1"}],"replies":[{"embeddable":true,"href":"http:\/\/thinhphatbentre.com\/index.php?rest_route=%2Fwp%2Fv2%2Fcomments&post=56"}],"version-history":[{"count":15,"href":"http:\/\/thinhphatbentre.com\/index.php?rest_route=\/wp\/v2\/pages\/56\/revisions"}],"predecessor-version":[{"id":560,"href":"http:\/\/thinhphatbentre.com\/index.php?rest_route=\/wp\/v2\/pages\/56\/revisions\/560"}],"wp:attachment":[{"href":"http:\/\/thinhphatbentre.com\/index.php?rest_route=%2Fwp%2Fv2%2Fmedia&parent=56"}],"curies":[{"name":"wp","href":"https:\/\/api.w.org\/{rel}","templated":true}]}}